{"id":3,"date":"2023-12-14T12:24:51","date_gmt":"2023-12-14T12:24:51","guid":{"rendered":"https:\/\/suberise.com\/?page_id=3"},"modified":"2024-01-18T13:41:03","modified_gmt":"2024-01-18T13:41:03","slug":"informativa-sulla-privacy","status":"publish","type":"page","link":"https:\/\/suberise.com\/it\/privacy-policy\/","title":{"rendered":"Informativa sulla privacy"},"content":{"rendered":"<div data-elementor-type=\"wp-page\" data-elementor-id=\"3\" class=\"elementor elementor-3\" data-elementor-post-type=\"page\">\n\t\t\t\t\t\t<section class=\"elementor-section elementor-top-section elementor-element elementor-element-12082a3 elementor-section-boxed elementor-section-height-default elementor-section-height-default\" data-id=\"12082a3\" data-element_type=\"section\" data-e-type=\"section\">\n\t\t\t\t\t\t<div class=\"elementor-container elementor-column-gap-default\">\n\t\t\t\t\t<div class=\"elementor-column elementor-col-100 elementor-top-column elementor-element elementor-element-9099693\" data-id=\"9099693\" data-element_type=\"column\" data-e-type=\"column\">\n\t\t\t<div class=\"elementor-widget-wrap elementor-element-populated\">\n\t\t\t\t\t\t<div class=\"elementor-element elementor-element-e74af44 elementor-widget elementor-widget-heading\" data-id=\"e74af44\" data-element_type=\"widget\" data-e-type=\"widget\" data-widget_type=\"heading.default\">\n\t\t\t\t<div class=\"elementor-widget-container\">\n\t\t\t\t\t<h1 class=\"elementor-heading-title elementor-size-default\">Informativa sulla privacy<\/h1>\t\t\t\t<\/div>\n\t\t\t\t<\/div>\n\t\t\t\t<div class=\"elementor-element elementor-element-e9406b3 elementor-widget elementor-widget-text-editor\" data-id=\"e9406b3\" data-element_type=\"widget\" data-e-type=\"widget\" data-widget_type=\"text-editor.default\">\n\t\t\t\t<div class=\"elementor-widget-container\">\n\t\t\t\t\t\t\t\t\t<p>\u00a0<\/p>\n<h4>Introduzione<\/h4>\n<p>La presente informativa sulla privacy riguarda esclusivamente i clienti di Suberise e gli utenti dei nostri servizi online. Suberise si adopera per garantire la protezione della sua privacy quando utilizza i nostri servizi. Pertanto, disponiamo di una politica che definisce le modalit\u00e0 di trattamento e protezione dei suoi dati personali. Qualsiasi modifica apportata a questa politica sulla privacy pu\u00f2 essere trovata visitandoci online. Suberise \u00e8 il Titolare del trattamento dei dati personali che lei ci comunica e pertanto \u00e8 responsabile dei suoi dati personali ai sensi dell'Autorit\u00e0 portoghese per la protezione dei dati (CNPD) e della Direttiva UE 95\/46\/CE. I suoi dati personali sono conservati nell'UE e potrebbero essere divulgati alle nostre filiali all'interno della Societ\u00e0 Portugaliacork (trover\u00e0 le nostre filiali nella pagina \"Contatti\" - societ\u00e0 affiliate). Ci\u00f2 significa che i suoi dati, in alcuni casi, possono essere elaborati al di fuori dell'area SEE. In qualsiasi caso di trasferimento dei suoi dati personali in un Paese al di fuori dell'area SEE, la filiale Portugaliacork coinvolta garantir\u00e0 l'applicazione delle clausole contrattuali standard relative al processo di privacy dei dati approvate dall'UE.<\/p>\n<p>\u00a0<\/p>\n<h4>Come utilizziamo i suoi dati personali?<\/h4>\n<p>Fornendo i suoi dati personali, lei ci autorizza a utilizzare i dati raccolti per adempiere ai nostri impegni nei suoi confronti e per fornirle il servizio che si aspetta. Abbiamo bisogno dei suoi dati per i seguenti scopi:<\/p>\n<ul>\n<li>Per inviarle offerte di marketing come newsletter e cataloghi (ad esempio, il suo indirizzo e-mail, il suo nome e il suo indirizzo postale).<\/li>\n<li>Per rispondere alle sue domande e per informarla su servizi nuovi o modificati (ad esempio, il suo indirizzo e-mail).<\/li>\n<li>Per notificare i vincitori dei concorsi organizzati online (ad esempio, il suo indirizzo e-mail, il nome, l'indirizzo di casa e il numero di telefono).<\/li>\n<li>Analizzare i suoi dati personali per fornirle offerte e informazioni di marketing pertinenti (ad esempio, nome, abitudini di acquisto).<\/li>\n<li>\u00a0<\/li>\n<li>Per inviarle sondaggi al fine di darle la possibilit\u00e0 di influenzare la nostra offerta e il nostro servizio (ad esempio, l'indirizzo e-mail).<\/li>\n<\/ul>\n<p>Conserveremo i suoi dati solo per il tempo necessario a svolgere i nostri servizi nei suoi confronti o per il tempo richiesto dalla legge. Dopodich\u00e9 i suoi dati personali saranno cancellati. Non possiamo rimuovere i suoi dati quando esiste un requisito legale di conservazione, come ad esempio le regole di contabilit\u00e0, o quando esistono altri motivi legali per conservare i dati, come ad esempio un rapporto contrattuale in corso.<br \/>I suoi diritti ai sensi della Legge sulla Protezione dei Dati del 1998 non saranno intaccati.<\/p>\n<p>\u00a0<\/p>\n<h4>Quali sono i suoi diritti?<\/h4>\n<p>Ha il diritto di richiedere informazioni sui dati personali in nostro possesso. Se i suoi dati sono errati, incompleti o irrilevanti, pu\u00f2 chiedere la correzione o la rimozione delle informazioni. Annualmente, ha il diritto di richiedere una documentazione scritta sui dati personali che la riguardano in possesso dei nostri archivi. Pu\u00f2 ritirare il suo consenso all'utilizzo dei dati per scopi di marketing (ad esempio, l'invio di cataloghi, newsletter o offerte) in qualsiasi momento.<br \/>Pu\u00f2 contattarci inviando una lettera a Portugaliacork S.A. Rua dos Alquebres 221, 4500-027 Espinho, Portogallo o inviando un'e-mail a <span \n                data-original-string='Ub4nX+OYZe+Zt1vHWhr3MA==efcFR7EvWZ4fegDpdhucVMmuZHHPVl4anBekVz4hMBvNQw='\n                class='apbct-email-encoder'\n                title='Questo contatto \u00e8 stato codificato da Anti-Spam by CleanTalk. Clicchi per decodificare. Per completare la decodifica, si assicuri che JavaScript sia abilitato nel suo browser.'>in<span class=\"apbct-blur\">**<\/span>@<span class=\"apbct-blur\">************<\/span>rk.com<\/span>.<\/p>\n<p>\u00a0<\/p>\n<h4>Chi ha accesso ai dati?<\/h4>\n<p>Non trasmettiamo, vendiamo o scambiamo mai i suoi dati a terzi per scopi di marketing al di fuori di Portugaliacork. I dati trasmessi a terzi, ad esempio agli agenti di spedizione in relazione alla consegna di merci, vengono utilizzati solo per rispettare gli impegni assunti da Portugaliacork nei suoi confronti. Portugaliacork pu\u00f2 anche fornire i suoi dati personali a organizzazioni quali agenzie di riferimento creditizio o di recupero crediti ai fini della verifica del rating, del controllo dell'identit\u00e0 e del recupero crediti.<\/p>\n<p>\u00a0<\/p>\n<h4>Come proteggiamo i suoi dati?<\/h4>\n<p>Abbiamo adottato misure tecniche e organizzative per proteggere i suoi dati da perdita, manipolazione, accesso non autorizzato, ecc. Adattiamo continuamente le nostre misure di sicurezza in linea con il progresso e gli sviluppi tecnologici. In Portugaliacork proteggiamo i suoi dati utilizzando la crittografia. Secure Sockets Layer (SSL) \u00e8 una funzione che cripta tutte le informazioni inviate tra acquirente e venditore.<\/p>\n<p>\u00a0<\/p>\n<h4>Informativa sulla privacy per i candidati<\/h4>\n<p>Ci assumiamo la responsabilit\u00e0 di tutti i dati personali che riceviamo durante le assunzioni o i concorsi. Questi dati vengono elaborati all'interno dell'organizzazione del Paese in cui lei presenta la sua candidatura, mentre i dati vengono conservati in Portogallo. Se ci presenta una candidatura, ci autorizza a trattare i suoi dati personali nell'ambito del nostro processo di reclutamento. Conserviamo i suoi dati solo con il suo consenso. La politica di Portugaliacork \u00e8 quella di non chiedere ai candidati informazioni sensibili online. Pertanto, non ci fornisca informazioni sensibili (ad esempio, razza, etnia, opinioni politiche, religione o appartenenza a un sindacato). Cercheremo di rispondere alla sua domanda di lavoro il pi\u00f9 rapidamente possibile.<\/p>\n<p>\u00a0<\/p>\n<h4>I biscotti<\/h4>\n<p>Un cookie \u00e8 un piccolo file di testo che viene salvato e, durante le visite successive, recuperato dal suo computer o dispositivo mobile. Portugaliacork utilizza i cookie per migliorare e semplificare la sua visita. Non utilizziamo i cookie per memorizzare informazioni personali o per divulgare informazioni a terzi. Esistono due tipi di cookie: permanenti e temporanei (cookie di sessione). I cookie permanenti vengono memorizzati come file sul suo computer o dispositivo mobile per un periodo non superiore a 12 mesi. I cookie di sessione sono memorizzati temporaneamente e scompaiono quando si chiude la sessione del browser. Utilizziamo i cookie permanenti per memorizzare la scelta della pagina iniziale e per memorizzare i suoi dati se seleziona \"Ricordami\" al momento del login. Utilizziamo i cookie di sessione quando utilizza la funzione di filtraggio dei prodotti, per verificare se ha effettuato il login o se inserisce un articolo nella borsa della spesa. Pu\u00f2 cancellare facilmente i cookie dal suo computer o dispositivo mobile utilizzando il suo browser. Per istruzioni su come gestire ed eliminare i cookie, consulti la sezione \"Aiuto\" del suo browser. Pu\u00f2 scegliere di disabilitare i cookie o di ricevere una notifica ogni volta che un nuovo cookie viene inviato al suo computer o dispositivo mobile.<br \/>La preghiamo di notare che se sceglie di disabilitare i cookie, non potr\u00e0 usufruire di tutte le nostre funzioni.<\/p>\n<p>\u00a0<\/p>\n<h4>Cookie di terze parti<\/h4>\n<p>Utilizziamo cookie di terze parti per raccogliere statistiche in forma aggregata in strumenti di analisi come Google Analytics e Core Metrics. I cookie utilizzati sono sia permanenti che temporanei (cookie di sessione). I cookie permanenti vengono memorizzati sul suo computer o dispositivo mobile per un periodo non superiore a 24 mesi.<\/p>\n<p>\u00a0<\/p>\n<h4>Collegamenti<\/h4>\n<p>www.suberise.com pu\u00f2 includere link ad altri siti web che non rientrano nella nostra supervisione. Non possiamo assumerci alcuna responsabilit\u00e0 per la tutela della privacy o per il contenuto di questi siti web, ma offriamo questi link per facilitare ai nostri visitatori la ricerca di maggiori informazioni su argomenti specifici.<\/p>\n<p>\u00a0<\/p>\n<h4>Copyright<\/h4>\n<p>Il contenuto di questo sito \u00e8 protetto da copyright ed \u00e8 di propriet\u00e0 di Portugaliacork S.A..<br \/>Titolare del trattamento dei dati personali<br \/>Portugaliacork S.A.<br \/>Rua do trabalhador 277<br \/>4535-210 Mozelos<br \/>Portogallo<br \/>Telefono: +351 227 440 944<br \/>E-mail: <span \n                data-original-string='FmQIX8vnIEtgbMFXQQ04dA==efcqhOlz2DKMV3GWSm07PVxiNICcTOrz7k\/AgZMtVrVJKo='\n                class='apbct-email-encoder'\n                title='Questo contatto \u00e8 stato codificato da Anti-Spam by CleanTalk. Clicchi per decodificare. Per completare la decodifica, si assicuri che JavaScript sia abilitato nel suo browser.'>in<span class=\"apbct-blur\">**<\/span>@<span class=\"apbct-blur\">************<\/span>rk.com<\/span><br \/>Numero di partita IVA: PARTITA IVA. PT507 453 891<\/p>\n<p>Data: 12.01.2024<\/p>\t\t\t\t\t\t\t\t<\/div>\n\t\t\t\t<\/div>\n\t\t\t\t\t<\/div>\n\t\t<\/div>\n\t\t\t\t\t<\/div>\n\t\t<\/section>\n\t\t\t\t<\/div>","protected":false},"excerpt":{"rendered":"<p>Privacy policy \u00a0 Introduction This Privacy policy only concerns Suberise customers and users of our online services. Suberise works to ensure that your privacy is protected when using our services. We therefore have a policy setting out how your personal data will be processed and protected. Any changes we have made to this privacy policy [&hellip;]<\/p>\n","protected":false},"author":1,"featured_media":0,"parent":0,"menu_order":0,"comment_status":"closed","ping_status":"closed","template":"","meta":{"footnotes":""},"class_list":["post-3","page","type-page","status-publish","hentry"],"_links":{"self":[{"href":"https:\/\/suberise.com\/it\/wp-json\/wp\/v2\/pages\/3","targetHints":{"allow":["GET"]}}],"collection":[{"href":"https:\/\/suberise.com\/it\/wp-json\/wp\/v2\/pages"}],"about":[{"href":"https:\/\/suberise.com\/it\/wp-json\/wp\/v2\/types\/page"}],"author":[{"embeddable":true,"href":"https:\/\/suberise.com\/it\/wp-json\/wp\/v2\/users\/1"}],"replies":[{"embeddable":true,"href":"https:\/\/suberise.com\/it\/wp-json\/wp\/v2\/comments?post=3"}],"version-history":[{"count":0,"href":"https:\/\/suberise.com\/it\/wp-json\/wp\/v2\/pages\/3\/revisions"}],"wp:attachment":[{"href":"https:\/\/suberise.com\/it\/wp-json\/wp\/v2\/media?parent=3"}],"curies":[{"name":"wp","href":"https:\/\/api.w.org\/{rel}","templated":true}]}}