{"id":3,"date":"2023-12-14T12:24:51","date_gmt":"2023-12-14T12:24:51","guid":{"rendered":"https:\/\/suberise.com\/?page_id=3"},"modified":"2024-01-18T13:41:03","modified_gmt":"2024-01-18T13:41:03","slug":"politique-de-confidentialite","status":"publish","type":"page","link":"https:\/\/suberise.com\/fr\/privacy-policy\/","title":{"rendered":"Politique de confidentialit\u00e9"},"content":{"rendered":"<div data-elementor-type=\"wp-page\" data-elementor-id=\"3\" class=\"elementor elementor-3\" data-elementor-post-type=\"page\">\n\t\t\t\t\t\t<section class=\"elementor-section elementor-top-section elementor-element elementor-element-12082a3 elementor-section-boxed elementor-section-height-default elementor-section-height-default\" data-id=\"12082a3\" data-element_type=\"section\" data-e-type=\"section\">\n\t\t\t\t\t\t<div class=\"elementor-container elementor-column-gap-default\">\n\t\t\t\t\t<div class=\"elementor-column elementor-col-100 elementor-top-column elementor-element elementor-element-9099693\" data-id=\"9099693\" data-element_type=\"column\" data-e-type=\"column\">\n\t\t\t<div class=\"elementor-widget-wrap elementor-element-populated\">\n\t\t\t\t\t\t<div class=\"elementor-element elementor-element-e74af44 elementor-widget elementor-widget-heading\" data-id=\"e74af44\" data-element_type=\"widget\" data-e-type=\"widget\" data-widget_type=\"heading.default\">\n\t\t\t\t<div class=\"elementor-widget-container\">\n\t\t\t\t\t<h1 class=\"elementor-heading-title elementor-size-default\">Politique de confidentialit\u00e9<\/h1>\t\t\t\t<\/div>\n\t\t\t\t<\/div>\n\t\t\t\t<div class=\"elementor-element elementor-element-e9406b3 elementor-widget elementor-widget-text-editor\" data-id=\"e9406b3\" data-element_type=\"widget\" data-e-type=\"widget\" data-widget_type=\"text-editor.default\">\n\t\t\t\t<div class=\"elementor-widget-container\">\n\t\t\t\t\t\t\t\t\t<p>\u00a0<\/p>\n<h4>Introduction<\/h4>\n<p>Cette politique de confidentialit\u00e9 ne concerne que les clients de Suberise et les utilisateurs de nos services en ligne. Suberise s'efforce de garantir la protection de votre vie priv\u00e9e lorsque vous utilisez ses services. C'est pourquoi nous avons mis en place une politique d\u00e9finissant la mani\u00e8re dont vos donn\u00e9es personnelles seront trait\u00e9es et prot\u00e9g\u00e9es. Vous pouvez prendre connaissance de toute modification apport\u00e9e \u00e0 cette politique de confidentialit\u00e9 en nous rendant visite en ligne. Suberise est le contr\u00f4leur des donn\u00e9es personnelles que vous nous communiquez et est donc responsable de vos donn\u00e9es personnelles en vertu de l'autorit\u00e9 portugaise de protection des donn\u00e9es (CNPD) et de la directive europ\u00e9enne 95\/46\/CE. Vos donn\u00e9es personnelles sont stock\u00e9es dans l'UE et peuvent \u00eatre divulgu\u00e9es \u00e0 nos filiales au sein de la soci\u00e9t\u00e9 Portugaliacork (vous trouverez nos filiales \u00e0 la page \"Contactez-nous\" - soci\u00e9t\u00e9s affili\u00e9es). Cela signifie que vos donn\u00e9es peuvent, dans certains cas, \u00eatre trait\u00e9es en dehors de l'EEE. En cas de transfert de vos donn\u00e9es personnelles vers un pays situ\u00e9 en dehors de la zone EEE, la filiale Portugaliacork concern\u00e9e garantira l'application des clauses contractuelles standard relatives au processus de confidentialit\u00e9 des donn\u00e9es approuv\u00e9es par l'UE.<\/p>\n<p>\u00a0<\/p>\n<h4>Comment utilisons-nous vos donn\u00e9es personnelles ?<\/h4>\n<p>En fournissant vos donn\u00e9es personnelles, vous consentez \u00e0 ce que nous utilisions les donn\u00e9es collect\u00e9es afin de respecter nos engagements envers vous et de vous fournir le service que vous attendez. Nous avons besoin de vos donn\u00e9es pour les raisons suivantes :<\/p>\n<ul>\n<li>Pour vous envoyer des offres marketing telles que des bulletins d'information et des catalogues (par exemple, votre adresse \u00e9lectronique, votre nom et votre adresse postale).<\/li>\n<li>Pour r\u00e9pondre \u00e0 vos questions et vous informer des nouveaux services ou des modifications apport\u00e9es aux services existants (par exemple, votre adresse \u00e9lectronique).<\/li>\n<li>Pour informer les gagnants des concours organis\u00e9s en ligne (par exemple, votre adresse \u00e9lectronique, votre nom, votre adresse personnelle et votre num\u00e9ro de t\u00e9l\u00e9phone).<\/li>\n<li>Analyser vos donn\u00e9es personnelles afin de vous proposer des offres et des informations marketing pertinentes (par exemple, votre nom, vos habitudes d'achat).<\/li>\n<li>\u00a0<\/li>\n<li>Pour vous envoyer des enqu\u00eates afin de vous donner la possibilit\u00e9 d'influencer notre offre et notre service (par exemple, votre adresse \u00e9lectronique).<\/li>\n<\/ul>\n<p>Nous ne conserverons vos donn\u00e9es qu'aussi longtemps que n\u00e9cessaire pour vous fournir nos services ou aussi longtemps que la loi l'exige. Pass\u00e9 ce d\u00e9lai, vos donn\u00e9es personnelles seront effac\u00e9es. Nous ne pouvons pas supprimer vos donn\u00e9es lorsqu'il existe une obligation l\u00e9gale de conservation, comme les r\u00e8gles comptables, ou lorsqu'il existe d'autres motifs l\u00e9gaux de conserver les donn\u00e9es, comme une relation contractuelle en cours.<br \/>Vos droits en vertu de la loi de 1998 sur la protection des donn\u00e9es ne seront pas affect\u00e9s.<\/p>\n<p>\u00a0<\/p>\n<h4>Quels sont vos droits ?<\/h4>\n<p>Vous avez le droit de demander des informations sur les donn\u00e9es personnelles que nous d\u00e9tenons sur vous. Si vos donn\u00e9es sont incorrectes, incompl\u00e8tes ou non pertinentes, vous pouvez demander \u00e0 ce qu'elles soient corrig\u00e9es ou supprim\u00e9es. Chaque ann\u00e9e, vous avez le droit de demander une documentation \u00e9crite sur les informations personnelles que nous d\u00e9tenons \u00e0 votre sujet dans nos fichiers de compte. Vous pouvez \u00e0 tout moment retirer votre consentement \u00e0 l'utilisation des donn\u00e9es \u00e0 des fins de marketing (c'est-\u00e0-dire l'envoi de catalogues, de bulletins d'information ou d'offres).<br \/>Vous pouvez nous contacter soit en envoyant une lettre \u00e0 Portugaliacork S.A. Rua dos Alquebres 221, 4500-027 Espinho, Portugal, soit en envoyant un courrier \u00e9lectronique \u00e0 l'adresse suivante <span \n                data-original-string='tWsLRMnJ2gkxFkBcks77pQ==efcfp2DtiJkWgNsUtQ4ds\/bcnhPydGFlL4cTjODpTWISO0='\n                class='apbct-email-encoder'\n                title='This contact has been encoded by Anti-Spam by CleanTalk. Click to decode. To finish the decoding make sure that JavaScript is enabled in your browser.'>en<span class=\"apbct-blur\">**<\/span>@<span class=\"apbct-blur\">************<\/span>rk.com<\/span>.<\/p>\n<p>\u00a0<\/p>\n<h4>Qui a acc\u00e8s aux donn\u00e9es ?<\/h4>\n<p>Nous ne transmettons, vendons ou \u00e9changeons jamais vos donn\u00e9es \u00e0 des tiers \u00e0 des fins de marketing en dehors de Portugaliacork. Les donn\u00e9es transmises \u00e0 des tiers, par exemple \u00e0 des agents d'exp\u00e9dition dans le cadre de la livraison de marchandises, ne sont utilis\u00e9es que pour respecter les engagements de Portugaliacork \u00e0 votre \u00e9gard. Portugaliacork peut \u00e9galement fournir vos donn\u00e9es personnelles \u00e0 des organisations telles que des agences de r\u00e9f\u00e9rence de cr\u00e9dit ou de recouvrement de cr\u00e9ances dans le but de v\u00e9rifier la cote de cr\u00e9dit, l'identit\u00e9 et le recouvrement de cr\u00e9ances.<\/p>\n<p>\u00a0<\/p>\n<h4>Comment prot\u00e9geons-nous vos donn\u00e9es ?<\/h4>\n<p>Nous avons pris des mesures techniques et organisationnelles pour prot\u00e9ger vos donn\u00e9es contre la perte, la manipulation, l'acc\u00e8s non autoris\u00e9, etc. Nous adaptons continuellement nos mesures de s\u00e9curit\u00e9 en fonction des progr\u00e8s et des d\u00e9veloppements technologiques. Chez Portugaliacork, nous prot\u00e9geons vos donn\u00e9es \u00e0 l'aide du cryptage. Secure Sockets Layer (SSL) est une fonction qui crypte toutes les informations envoy\u00e9es entre l'acheteur et le vendeur.<\/p>\n<p>\u00a0<\/p>\n<h4>Politique de confidentialit\u00e9 pour les candidats<\/h4>\n<p>Nous assumons la responsabilit\u00e9 de toutes les donn\u00e9es personnelles que nous recevons lors du recrutement ou des concours. Ces donn\u00e9es sont trait\u00e9es au sein de l'organisation du pays o\u00f9 vous avez soumis votre candidature, tandis que les donn\u00e9es sont stock\u00e9es au Portugal. Si vous nous soumettez une candidature, vous nous autorisez \u00e0 traiter vos donn\u00e9es personnelles dans le cadre de notre processus de recrutement. Nous ne conservons vos donn\u00e9es qu'avec votre consentement. Portugaliacork a pour politique de ne pas demander d'informations sensibles en ligne aux candidats \u00e0 l'emploi. Ne nous communiquez donc aucune information sensible (par exemple, votre race, votre origine ethnique, vos opinions politiques, votre religion ou votre appartenance \u00e0 un syndicat). Nous nous efforcerons de r\u00e9pondre \u00e0 votre demande d'emploi le plus rapidement possible.<\/p>\n<p>\u00a0<\/p>\n<h4>Cookies<\/h4>\n<p>Un cookie est un petit fichier texte qui est enregistr\u00e9 sur votre ordinateur ou votre appareil mobile et qui peut \u00eatre r\u00e9cup\u00e9r\u00e9 lors de visites ult\u00e9rieures. Portugaliacork utilise des cookies pour am\u00e9liorer et simplifier votre visite. Nous n'utilisons pas les cookies pour stocker des informations personnelles ou pour divulguer des informations \u00e0 des tiers. Il existe deux types de cookies : les cookies permanents et les cookies temporaires (cookies de session). Les cookies permanents sont stock\u00e9s sous forme de fichier sur votre ordinateur ou votre appareil mobile pour une dur\u00e9e maximale de 12 mois. Les cookies de session sont stock\u00e9s temporairement et disparaissent lorsque vous fermez votre session de navigation. Nous utilisons des cookies permanents pour m\u00e9moriser votre choix de page d'accueil et vos coordonn\u00e9es si vous s\u00e9lectionnez \"Se souvenir de moi\" lorsque vous vous connectez. Nous utilisons des cookies de session lorsque vous utilisez la fonction de filtrage des produits, pour v\u00e9rifier si vous \u00eates connect\u00e9 ou si vous mettez un article dans votre panier. Vous pouvez facilement effacer les cookies de votre ordinateur ou de votre appareil mobile \u00e0 l'aide de votre navigateur. Pour savoir comment g\u00e9rer et supprimer les cookies, veuillez consulter la rubrique \"Aide\" de votre navigateur. Vous pouvez choisir de d\u00e9sactiver les cookies ou de recevoir une notification chaque fois qu'un nouveau cookie est envoy\u00e9 \u00e0 votre ordinateur ou \u00e0 votre appareil mobile.<br \/>Veuillez noter que si vous choisissez de d\u00e9sactiver les cookies, vous ne pourrez pas profiter de toutes nos fonctionnalit\u00e9s.<\/p>\n<p>\u00a0<\/p>\n<h4>Cookies de tiers<\/h4>\n<p>Nous utilisons des cookies de tiers pour collecter des statistiques sous forme agr\u00e9g\u00e9e dans des outils d'analyse tels que Google Analytics et Core Metrics. Les cookies utilis\u00e9s sont \u00e0 la fois permanents et temporaires (cookies de session). Les cookies permanents sont stock\u00e9s sur votre ordinateur ou votre appareil mobile pour une dur\u00e9e maximale de 24 mois.<\/p>\n<p>\u00a0<\/p>\n<h4>Liens<\/h4>\n<p>www.suberise.com peut contenir des liens vers d'autres sites web qui ne sont pas sous notre contr\u00f4le. Nous ne pouvons \u00eatre tenus responsables de la protection de la vie priv\u00e9e ou du contenu de ces sites, mais nous proposons ces liens pour permettre \u00e0 nos visiteurs de trouver plus facilement des informations sur des sujets sp\u00e9cifiques.<\/p>\n<p>\u00a0<\/p>\n<h4>Droit d'auteur<\/h4>\n<p>Le contenu de ce site est prot\u00e9g\u00e9 par le droit d'auteur et est la propri\u00e9t\u00e9 de Portugaliacork S.A.<br \/>Responsable du traitement des donn\u00e9es \u00e0 caract\u00e8re personnel<br \/>Portugaliacork S.A.<br \/>Rua do trabalhador 277<br \/>4535-210 Mozelos<br \/>Portugal<br \/>T\u00e9l\u00e9phone : +351 227 440 944 +351 227 440 944<br \/>E-mail : <span \n                data-original-string='4XiTeixkjbrw6BsidGFmcg==efcfCCn0JVnevoEjcspZN3\/MgqAMYJX8Yo\/KmYGfdeRYzQ='\n                class='apbct-email-encoder'\n                title='This contact has been encoded by Anti-Spam by CleanTalk. Click to decode. To finish the decoding make sure that JavaScript is enabled in your browser.'>en<span class=\"apbct-blur\">**<\/span>@<span class=\"apbct-blur\">************<\/span>rk.com<\/span><br \/>Num\u00e9ro d'immatriculation \u00e0 la TVA : N\u00b0 DE TVA PT507 453 891<\/p>\n<p>Date : 12.01.2024<\/p>\t\t\t\t\t\t\t\t<\/div>\n\t\t\t\t<\/div>\n\t\t\t\t\t<\/div>\n\t\t<\/div>\n\t\t\t\t\t<\/div>\n\t\t<\/section>\n\t\t\t\t<\/div>","protected":false},"excerpt":{"rendered":"<p>Privacy policy \u00a0 Introduction This Privacy policy only concerns Suberise customers and users of our online services. Suberise works to ensure that your privacy is protected when using our services. We therefore have a policy setting out how your personal data will be processed and protected. Any changes we have made to this privacy policy [&hellip;]<\/p>\n","protected":false},"author":1,"featured_media":0,"parent":0,"menu_order":0,"comment_status":"closed","ping_status":"closed","template":"","meta":{"footnotes":""},"class_list":["post-3","page","type-page","status-publish","hentry"],"_links":{"self":[{"href":"https:\/\/suberise.com\/fr\/wp-json\/wp\/v2\/pages\/3","targetHints":{"allow":["GET"]}}],"collection":[{"href":"https:\/\/suberise.com\/fr\/wp-json\/wp\/v2\/pages"}],"about":[{"href":"https:\/\/suberise.com\/fr\/wp-json\/wp\/v2\/types\/page"}],"author":[{"embeddable":true,"href":"https:\/\/suberise.com\/fr\/wp-json\/wp\/v2\/users\/1"}],"replies":[{"embeddable":true,"href":"https:\/\/suberise.com\/fr\/wp-json\/wp\/v2\/comments?post=3"}],"version-history":[{"count":0,"href":"https:\/\/suberise.com\/fr\/wp-json\/wp\/v2\/pages\/3\/revisions"}],"wp:attachment":[{"href":"https:\/\/suberise.com\/fr\/wp-json\/wp\/v2\/media?parent=3"}],"curies":[{"name":"wp","href":"https:\/\/api.w.org\/{rel}","templated":true}]}}