{"id":3,"date":"2023-12-14T12:24:51","date_gmt":"2023-12-14T12:24:51","guid":{"rendered":"https:\/\/suberise.com\/?page_id=3"},"modified":"2024-01-18T13:41:03","modified_gmt":"2024-01-18T13:41:03","slug":"datenschutzbestimmungen","status":"publish","type":"page","link":"https:\/\/suberise.com\/de\/privacy-policy\/","title":{"rendered":"Datenschutzbestimmungen"},"content":{"rendered":"<div data-elementor-type=\"wp-page\" data-elementor-id=\"3\" class=\"elementor elementor-3\" data-elementor-post-type=\"page\">\n\t\t\t\t\t\t<section class=\"elementor-section elementor-top-section elementor-element elementor-element-12082a3 elementor-section-boxed elementor-section-height-default elementor-section-height-default\" data-id=\"12082a3\" data-element_type=\"section\" data-e-type=\"section\">\n\t\t\t\t\t\t<div class=\"elementor-container elementor-column-gap-default\">\n\t\t\t\t\t<div class=\"elementor-column elementor-col-100 elementor-top-column elementor-element elementor-element-9099693\" data-id=\"9099693\" data-element_type=\"column\" data-e-type=\"column\">\n\t\t\t<div class=\"elementor-widget-wrap elementor-element-populated\">\n\t\t\t\t\t\t<div class=\"elementor-element elementor-element-e74af44 elementor-widget elementor-widget-heading\" data-id=\"e74af44\" data-element_type=\"widget\" data-e-type=\"widget\" data-widget_type=\"heading.default\">\n\t\t\t\t<div class=\"elementor-widget-container\">\n\t\t\t\t\t<h1 class=\"elementor-heading-title elementor-size-default\">Datenschutzbestimmungen<\/h1>\t\t\t\t<\/div>\n\t\t\t\t<\/div>\n\t\t\t\t<div class=\"elementor-element elementor-element-e9406b3 elementor-widget elementor-widget-text-editor\" data-id=\"e9406b3\" data-element_type=\"widget\" data-e-type=\"widget\" data-widget_type=\"text-editor.default\">\n\t\t\t\t<div class=\"elementor-widget-container\">\n\t\t\t\t\t\t\t\t\t<p>\u00a0<\/p>\n<h4>Einf\u00fchrung<\/h4>\n<p>Diese Datenschutzrichtlinie betrifft nur Suberise-Kunden und Nutzer unserer Online-Dienste. Suberise setzt sich daf\u00fcr ein, dass Ihre Privatsph\u00e4re bei der Nutzung unserer Dienste gesch\u00fctzt wird. Deshalb haben wir eine Richtlinie, die festlegt, wie Ihre pers\u00f6nlichen Daten verarbeitet und gesch\u00fctzt werden. Alle \u00c4nderungen, die wir an dieser Datenschutzrichtlinie vorgenommen haben, k\u00f6nnen Sie online einsehen. Suberise ist der Verantwortliche f\u00fcr die personenbezogenen Daten, die Sie uns zur Verf\u00fcgung stellen, und somit verantwortlich f\u00fcr Ihre personenbezogenen Daten gem\u00e4\u00df der portugiesischen Datenschutzbeh\u00f6rde (CNPD) und der EU-Richtlinie 95\/46\/EG. Ihre pers\u00f6nlichen Daten werden in der EU gespeichert und k\u00f6nnen an unsere Tochtergesellschaften innerhalb der Portugaliacork Company weitergegeben werden (Sie finden unsere Tochtergesellschaften auf der Seite \"Kontakt\" - verbundene Unternehmen). Dies bedeutet, dass Ihre Daten in einigen wenigen F\u00e4llen au\u00dferhalb des EWR-Raums verarbeitet werden k\u00f6nnen. In jedem Fall, in dem Ihre pers\u00f6nlichen Daten in ein Land au\u00dferhalb des EWR \u00fcbermittelt werden, garantiert die betroffene Portugaliacork-Tochtergesellschaft die Anwendung der von der EU genehmigten Standardvertragsklauseln zum Datenschutz.<\/p>\n<p>\u00a0<\/p>\n<h4>Wie verwenden wir Ihre pers\u00f6nlichen Daten?<\/h4>\n<p>Mit der Angabe Ihrer pers\u00f6nlichen Daten erkl\u00e4ren Sie sich damit einverstanden, dass wir die gesammelten Daten verwenden, um unsere Verpflichtungen Ihnen gegen\u00fcber zu erf\u00fcllen und Ihnen den Service zu bieten, den Sie erwarten. Wir ben\u00f6tigen Ihre Daten f\u00fcr die folgenden Zwecke:<\/p>\n<ul>\n<li>Um Ihnen Marketingangebote wie Newsletter und Kataloge zu senden (z.B. Ihre E-Mail-Adresse, Ihren Namen und Ihre Postanschrift)<\/li>\n<li>Zur Beantwortung Ihrer Anfragen und um Sie \u00fcber neue oder ge\u00e4nderte Dienste zu informieren (z.B. Ihre E-Mail-Adresse)<\/li>\n<li>Zur Benachrichtigung der Gewinner von online veranstalteten Wettbewerben (z.B. Ihre E-Mail-Adresse, Ihr Name, Ihre Privatanschrift und Ihre Telefonnummer)<\/li>\n<li>Um Ihre pers\u00f6nlichen Daten zu analysieren, um Ihnen relevante Marketingangebote und Informationen zukommen zu lassen (z.B. Name, Kaufgewohnheiten)<\/li>\n<li>\u00a0<\/li>\n<li>Um Ihnen Umfragen zu schicken, um Ihnen die M\u00f6glichkeit zu geben, unser Angebot und unseren Service zu beeinflussen (z.B. E-Mail-Adresse)<\/li>\n<\/ul>\n<p>Wir werden Ihre Daten nur so lange aufbewahren, wie es notwendig ist, um unsere Dienstleistungen f\u00fcr Sie zu erbringen, oder so lange, wie wir gesetzlich dazu verpflichtet sind. Danach werden Ihre pers\u00f6nlichen Daten gel\u00f6scht. Wir k\u00f6nnen Ihre Daten nicht l\u00f6schen, wenn eine gesetzliche Aufbewahrungspflicht besteht, wie z.B. buchhalterische Vorschriften, oder wenn es andere rechtliche Gr\u00fcnde gibt, die Daten aufzubewahren, wie z.B. eine laufende Vertragsbeziehung.<br \/>Ihre Rechte gem\u00e4\u00df dem Data Protection Act 1998 bleiben davon unber\u00fchrt.<\/p>\n<p>\u00a0<\/p>\n<h4>Was sind Ihre Rechte?<\/h4>\n<p>Sie haben das Recht, Auskunft \u00fcber die personenbezogenen Daten zu verlangen, die wir \u00fcber Sie gespeichert haben. Wenn Ihre Daten falsch, unvollst\u00e4ndig oder irrelevant sind, k\u00f6nnen Sie verlangen, dass die Informationen korrigiert oder entfernt werden. Sie haben das Recht, j\u00e4hrlich eine schriftliche Dokumentation \u00fcber die pers\u00f6nlichen Daten anzufordern, die wir \u00fcber Sie in unseren Kontodateien haben. Sie k\u00f6nnen Ihre Zustimmung zur Verwendung der Daten zu Marketingzwecken (d.h. zum Versand von Katalogen, Newslettern oder Angeboten) jederzeit widerrufen.<br \/>Sie k\u00f6nnen uns entweder einen Brief an Portugaliacork S.A. Rua dos Alquebres 221, 4500-027 Espinho, Portugal schicken oder eine E-Mail an <span \n                data-original-string='26P55eMOp3iTd4Tbu98\/og==efcJ3pPfVUhf8dV0DhmOyPAoWbQOxhwthj2ULEict7grQg='\n                class='apbct-email-encoder'\n                title='Dieser Kontakt wurde von Anti-Spam by CleanTalk verschl\u00fcsselt. Klicken Sie hier, um ihn zu entschl\u00fcsseln. Sollte der Kontakt danach nicht angezeigt werden, \u00fcberpr\u00fcfen Sie bitte, dass JavaScript in Ihrem Browser aktiviert ist.'>in<span class=\"apbct-blur\">**<\/span>@<span class=\"apbct-blur\">************<\/span>rk.de<\/span>.<\/p>\n<p>\u00a0<\/p>\n<h4>Wer hat Zugriff auf die Daten?<\/h4>\n<p>Wir werden Ihre Daten niemals an Dritte zu Marketingzwecken au\u00dferhalb von Portugaliacork weitergeben, verkaufen oder austauschen. Daten, die an Dritte weitergegeben werden, z.B. an Spediteure im Zusammenhang mit der Lieferung von Waren, werden nur verwendet, um die Verpflichtungen von Portugaliacork Ihnen gegen\u00fcber zu erf\u00fcllen. Portugaliacork kann Ihre pers\u00f6nlichen Daten auch an Organisationen wie Kreditauskunfteien oder Inkassob\u00fcros zum Zwecke der Bonit\u00e4tspr\u00fcfung, der Identit\u00e4tspr\u00fcfung und des Inkassos weitergeben.<\/p>\n<p>\u00a0<\/p>\n<h4>Wie sch\u00fctzen wir Ihre Daten?<\/h4>\n<p>Wir haben technische und organisatorische Ma\u00dfnahmen getroffen, um Ihre Daten vor Verlust, Manipulation, unberechtigtem Zugriff etc. zu sch\u00fctzen. Wir passen unsere Sicherheitsma\u00dfnahmen laufend an den technischen Fortschritt und die Entwicklungen an. Bei Portugaliacork sch\u00fctzen wir Ihre Daten durch Verschl\u00fcsselung. Secure Sockets Layer (SSL) ist eine Funktion, die alle zwischen K\u00e4ufer und Verk\u00e4ufer gesendeten Informationen verschl\u00fcsselt.<\/p>\n<p>\u00a0<\/p>\n<h4>Datenschutzbestimmungen f\u00fcr Bewerber<\/h4>\n<p>Wir \u00fcbernehmen die Verantwortung f\u00fcr alle pers\u00f6nlichen Daten, die wir bei der Einstellung oder bei Auswahlverfahren erhalten. Diese Angaben werden in der Landesorganisation verarbeitet, bei der Sie Ihre Bewerbung einreichen, w\u00e4hrend die Daten in Portugal gespeichert werden. Wenn Sie sich bei uns bewerben, erlauben Sie uns, Ihre personenbezogenen Daten im Rahmen unseres Einstellungsverfahrens zu verarbeiten. Wir bewahren Ihre Daten nur mit Ihrer Zustimmung auf. Es ist die Politik von Portugaliacork, Bewerber nicht online nach sensiblen Informationen zu fragen. Geben Sie uns daher keine sensiblen Informationen (z.B. Rasse, ethnische Herkunft, politische Ansichten, Religion oder Mitgliedschaft in einer Gewerkschaft). Wir werden versuchen, Ihre Bewerbung so schnell wie m\u00f6glich zu beantworten.<\/p>\n<p>\u00a0<\/p>\n<h4>Cookies<\/h4>\n<p>Ein Cookie ist eine kleine Textdatei, die auf Ihrem Computer oder Mobilger\u00e4t gespeichert und bei sp\u00e4teren Besuchen wieder abgerufen wird. Portugaliacork verwendet Cookies, um Ihren Besuch zu verbessern und zu vereinfachen. Wir verwenden Cookies nicht, um pers\u00f6nliche Daten zu speichern oder um Informationen an Dritte weiterzugeben. Es gibt zwei Arten von Cookies: permanente und tempor\u00e4re (Sitzungscookies). Permanente Cookies werden als Datei auf Ihrem Computer oder Mobilger\u00e4t gespeichert und bleiben nicht l\u00e4nger als 12 Monate bestehen. Sitzungscookies werden vor\u00fcbergehend gespeichert und verschwinden, wenn Sie Ihre Browsersitzung schlie\u00dfen. Wir verwenden permanente Cookies, um die von Ihnen gew\u00e4hlte Startseite zu speichern und um Ihre Daten zu speichern, wenn Sie bei der Anmeldung \"Remember me\" w\u00e4hlen. Wir verwenden Sitzungscookies, wenn Sie die Produktfilterfunktion nutzen, um zu pr\u00fcfen, ob Sie angemeldet sind oder wenn Sie einen Artikel in Ihren Warenkorb legen. Sie k\u00f6nnen Cookies ganz einfach \u00fcber Ihren Browser von Ihrem Computer oder Mobilger\u00e4t l\u00f6schen. Eine Anleitung zum Umgang mit Cookies und zum L\u00f6schen von Cookies finden Sie unter \"Hilfe\" in Ihrem Browser. Sie k\u00f6nnen Cookies deaktivieren oder sich jedes Mal benachrichtigen lassen, wenn ein neues Cookie an Ihren Computer oder Ihr mobiles Ger\u00e4t gesendet wird.<br \/>Bitte beachten Sie, dass Sie nicht alle unsere Funktionen nutzen k\u00f6nnen, wenn Sie sich entscheiden, Cookies zu deaktivieren.<\/p>\n<p>\u00a0<\/p>\n<h4>Cookies von Dritten<\/h4>\n<p>Wir verwenden Cookies von Drittanbietern, um Statistiken in aggregierter Form in Analysetools wie Google Analytics und Core Metrics zu sammeln. Bei den verwendeten Cookies handelt es sich sowohl um permanente als auch um tempor\u00e4re Cookies (Sitzungscookies). Die permanenten Cookies werden auf Ihrem Computer oder Mobilger\u00e4t nicht l\u00e4nger als 24 Monate gespeichert.<\/p>\n<p>\u00a0<\/p>\n<h4>Links<\/h4>\n<p>www.suberise.com kann Links zu anderen Websites enthalten, die nicht unter unserer Aufsicht stehen. Wir k\u00f6nnen keine Verantwortung f\u00fcr den Schutz der Privatsph\u00e4re oder den Inhalt dieser Websites \u00fcbernehmen, aber wir bieten diese Links an, um es unseren Besuchern zu erleichtern, mehr Informationen zu bestimmten Themen zu finden.<\/p>\n<p>\u00a0<\/p>\n<h4>Copyright<\/h4>\n<p>Der Inhalt dieser Website ist urheberrechtlich gesch\u00fctzt und ist Eigentum von Portugaliacork S.A.<br \/>Verantwortlicher f\u00fcr die personenbezogenen Daten<br \/>Portugaliacork S.A.<br \/>Rua do trabalhador 277<br \/>4535-210 Mozelos<br \/>Portugal<br \/>Telefon: +351 227 440 944<br \/>E-Mail: <span \n                data-original-string='OFpRX3lgK8vrQu2FvqgVgA==efcDF1Iw0ZBnpipG9gMg\/r5xMKlA6HvFq8TUiKGULMLntc='\n                class='apbct-email-encoder'\n                title='Dieser Kontakt wurde von Anti-Spam by CleanTalk verschl\u00fcsselt. Klicken Sie hier, um ihn zu entschl\u00fcsseln. Sollte der Kontakt danach nicht angezeigt werden, \u00fcberpr\u00fcfen Sie bitte, dass JavaScript in Ihrem Browser aktiviert ist.'>in<span class=\"apbct-blur\">**<\/span>@<span class=\"apbct-blur\">************<\/span>rk.de<\/span><br \/>Umsatzsteuer-Identifikationsnummer: UST-IDNR. PT507 453 891<\/p>\n<p>Datum: 12.01.2024<\/p>\t\t\t\t\t\t\t\t<\/div>\n\t\t\t\t<\/div>\n\t\t\t\t\t<\/div>\n\t\t<\/div>\n\t\t\t\t\t<\/div>\n\t\t<\/section>\n\t\t\t\t<\/div>","protected":false},"excerpt":{"rendered":"<p>Privacy policy \u00a0 Introduction This Privacy policy only concerns Suberise customers and users of our online services. Suberise works to ensure that your privacy is protected when using our services. We therefore have a policy setting out how your personal data will be processed and protected. Any changes we have made to this privacy policy [&hellip;]<\/p>\n","protected":false},"author":1,"featured_media":0,"parent":0,"menu_order":0,"comment_status":"closed","ping_status":"closed","template":"","meta":{"footnotes":""},"class_list":["post-3","page","type-page","status-publish","hentry"],"_links":{"self":[{"href":"https:\/\/suberise.com\/de\/wp-json\/wp\/v2\/pages\/3","targetHints":{"allow":["GET"]}}],"collection":[{"href":"https:\/\/suberise.com\/de\/wp-json\/wp\/v2\/pages"}],"about":[{"href":"https:\/\/suberise.com\/de\/wp-json\/wp\/v2\/types\/page"}],"author":[{"embeddable":true,"href":"https:\/\/suberise.com\/de\/wp-json\/wp\/v2\/users\/1"}],"replies":[{"embeddable":true,"href":"https:\/\/suberise.com\/de\/wp-json\/wp\/v2\/comments?post=3"}],"version-history":[{"count":0,"href":"https:\/\/suberise.com\/de\/wp-json\/wp\/v2\/pages\/3\/revisions"}],"wp:attachment":[{"href":"https:\/\/suberise.com\/de\/wp-json\/wp\/v2\/media?parent=3"}],"curies":[{"name":"wp","href":"https:\/\/api.w.org\/{rel}","templated":true}]}}